{"id":503,"date":"2018-10-11T14:46:59","date_gmt":"2018-10-11T17:46:59","guid":{"rendered":"http:\/\/domingoseadvogados.com.br\/?page_id=503"},"modified":"2018-10-11T14:46:59","modified_gmt":"2018-10-11T17:46:59","slug":"civel","status":"publish","type":"page","link":"https:\/\/domingoseadvogados.com.br\/index.php\/civel\/","title":{"rendered":"C\u00edvel"},"content":{"rendered":"<h2><strong>C\u00edvel<\/strong><\/h2>\n<p style=\"text-align: justify;\">A \u00e1rea de Direito Civil cuida de uma das vertentes mais abrangentes do Direito atual, presente nas mais diversas rela\u00e7\u00f5es jur\u00eddicas travadas entre particulares, abrangendo, ainda, as rela\u00e7\u00f5es de consumo, as diversas esp\u00e9cies de obriga\u00e7\u00f5es, os contratos em geral, os t\u00edtulos de cr\u00e9dito, a responsabilidade civil, o direito empresarial e societ\u00e1rio e os direitos reais como um todo. A atua\u00e7\u00e3o do escrit\u00f3rio na \u00e1rea do Direito Civil \u00e9 intensa, lidando n\u00e3o s\u00f3 com institutos civis cl\u00e1ssicos, como os acima citados, mas tamb\u00e9m com \u00e1reas que despontam cada vez mais, despertando grande interesse e utilidade para a popula\u00e7\u00e3o, dentre as quais podemos destacar: direito ambiental; direito de internet; direito desportivo; direitos autorais e de propriedade intelectual e direito das telecomunica\u00e7\u00f5es.<\/p>\n<p><!--more--><\/p>\n<p style=\"text-align: justify;\">Valoriza-se muito no Direito Civil, assim como nas demais \u00e1reas do Direito, uma atua\u00e7\u00e3o jur\u00eddica preventiva, mediante a qual o advogado possa conhecer o cliente e as suas necessidades, tra\u00e7ando seu perfil, para que, com isso, possa antecipar-se a poss\u00edveis problemas jur\u00eddicos que venha a enfrentar em seus diversos campos de atua\u00e7\u00e3o.<\/p>\n<p style=\"text-align: justify;\">As a\u00e7\u00f5es preventivas adotadas por nosso escrit\u00f3rio visam, efetivamente, evitar que o cliente sofra futuras a\u00e7\u00f5es judiciais ou dissabores decorrentes de neg\u00f3cios realizados sem o devido assessoramento, tudo atrav\u00e9s de planejamento pr\u00e9vio e orienta\u00e7\u00e3o constante, em cada ato jur\u00eddico.<br \/>\nAl\u00e9m da atua\u00e7\u00e3o preventiva oferecida aos clientes, o escrit\u00f3rio conta com um corpo jur\u00eddico altamente preparado e qualificado para a elabora\u00e7\u00e3o dos mais diversos tipos de medidas judiciais visando resguardar amplamente o direito do cliente.<\/p>\n","protected":false},"excerpt":{"rendered":"<p>C\u00edvel A \u00e1rea de Direito Civil cuida de uma das vertentes mais abrangentes do Direito atual, presente nas mais diversas rela\u00e7\u00f5es jur\u00eddicas travadas entre particulares, abrangendo, ainda, as rela\u00e7\u00f5es de consumo, as diversas esp\u00e9cies de obriga\u00e7\u00f5es, os contratos em geral, os t\u00edtulos de cr\u00e9dito, a responsabilidade civil, o direito empresarial e societ\u00e1rio e os direitos [&hellip;]<\/p>\n","protected":false},"author":2,"featured_media":502,"parent":0,"menu_order":0,"comment_status":"closed","ping_status":"closed","template":"","meta":{"_mi_skip_tracking":false,"footnotes":""},"class_list":["post-503","page","type-page","status-publish","has-post-thumbnail","hentry"],"jetpack-related-posts":[{"id":485,"url":"https:\/\/domingoseadvogados.com.br\/index.php\/consumidor\/","url_meta":{"origin":503,"position":0},"title":"Consumidor","date":"outubro 11, 2018","format":false,"excerpt":"Consumidor Com o advento do C\u00f3digo de Defesa do Consumidor, criou-se uma legisla\u00e7\u00e3o espec\u00edfica para regulamentar a rela\u00e7\u00e3o entre consumidores e fornecedores de bens e servi\u00e7os, delimitando os direitos e obriga\u00e7\u00f5es de cada um. Esta Legisla\u00e7\u00e3o espec\u00edfica visa, primordialmente, garantir ao consumidor respeito a sua dignidade, sa\u00fade e seguran\u00e7a, al\u00e9m\u2026","rel":"","context":"Post similar","img":{"alt_text":"","src":"https:\/\/i0.wp.com\/domingoseadvogados.com.br\/wp-content\/uploads\/2016\/03\/narciso-areas-atuacao-consumidor.png?resize=350%2C200&ssl=1","width":350,"height":200},"classes":[]},{"id":471,"url":"https:\/\/domingoseadvogados.com.br\/index.php\/tributario\/","url_meta":{"origin":503,"position":1},"title":"Tribut\u00e1rio","date":"outubro 11, 2018","format":false,"excerpt":"Tribut\u00e1rio Nosso escrit\u00f3rio conta com estrutura e profissionais devidamente habilitados para prestar consultoria e assessoria jur\u00eddica plenas na \u00e1rea do Direito Tribut\u00e1rio. Neste contexto, a atua\u00e7\u00e3o preventiva, posta em pr\u00e1tica mediante um planejamento tribut\u00e1rio realizado especificamente para cada cliente, \u00e9 cada vez mais valorizada. Com isso, \u00e9 poss\u00edvel promover a\u2026","rel":"","context":"Post similar","img":{"alt_text":"","src":"https:\/\/i0.wp.com\/domingoseadvogados.com.br\/wp-content\/uploads\/2018\/10\/TRIBUT\u00c1RIO-1.jpg?resize=350%2C200&ssl=1","width":350,"height":200},"classes":[]},{"id":449,"url":"https:\/\/domingoseadvogados.com.br\/index.php\/bancario\/","url_meta":{"origin":503,"position":2},"title":"Banc\u00e1rio","date":"outubro 11, 2018","format":false,"excerpt":"Banc\u00e1rio As institui\u00e7\u00f5es financeiras oferecem uma s\u00e9rie de contratos envolvendo a concess\u00e3o de cr\u00e9dito para empresas e pessoas f\u00edsicas. Tais contratos podem ser de natureza pessoal (cr\u00e9dito concedido para fins de consumo), comercial (cr\u00e9dito para empresas formarem seu capital de giro), industrial (cr\u00e9dito para aquisi\u00e7\u00e3o de mat\u00e9ria-prima ou para despesas\u2026","rel":"","context":"Post similar","img":{"alt_text":"","src":"https:\/\/i0.wp.com\/domingoseadvogados.com.br\/wp-content\/uploads\/2018\/10\/conta.jpg?resize=350%2C200&ssl=1","width":350,"height":200},"classes":[]},{"id":346,"url":"https:\/\/domingoseadvogados.com.br\/index.php\/trabalhista\/","url_meta":{"origin":503,"position":3},"title":"Trabalhista","date":"outubro 11, 2018","format":false,"excerpt":"Trabalhista A orienta\u00e7\u00e3o jur\u00eddica fornecida antes do surgimento do problema \u00e9 a melhor maneira de evitar que as empresas sofram com reclama\u00e7\u00f5es trabalhistas, em especial as que oferecem alto risco. Nesta linha, a equipe de Direito do Trabalho de nosso escrit\u00f3rio \u00e9 especialista em diagnosticar os focos de conflitos, observando\u2026","rel":"","context":"Post similar","img":{"alt_text":"","src":"https:\/\/i0.wp.com\/domingoseadvogados.com.br\/wp-content\/uploads\/2018\/10\/shutterstock_108943724-1000x675.jpg?resize=350%2C200&ssl=1","width":350,"height":200},"classes":[]},{"id":445,"url":"https:\/\/domingoseadvogados.com.br\/index.php\/previdenciario\/","url_meta":{"origin":503,"position":4},"title":"Previdenci\u00e1rio","date":"outubro 11, 2018","format":false,"excerpt":"Previdenci\u00e1rio Nosso escrit\u00f3rio conta com profissionais especializados, efetuando o contencioso administrativo e judicial, junto a Autarquia Federal \u2013 INSS, SPPREV e outras, para pleitear direitos dos segurados, tais como, concess\u00e3o e revis\u00e3o de benef\u00edcio. \u2022 Requerimento de concess\u00e3o de Aposentadorias em Geral; \u2022 Revis\u00e3o de Aposentadorias; \u2022 Requerimento de concess\u00e3o\u2026","rel":"","context":"Post similar","img":{"alt_text":"","src":"https:\/\/i0.wp.com\/domingoseadvogados.com.br\/wp-content\/uploads\/2017\/11\/aposentadoria.jpg?resize=350%2C200&ssl=1","width":350,"height":200},"classes":[]}],"_links":{"self":[{"href":"https:\/\/domingoseadvogados.com.br\/index.php\/wp-json\/wp\/v2\/pages\/503"}],"collection":[{"href":"https:\/\/domingoseadvogados.com.br\/index.php\/wp-json\/wp\/v2\/pages"}],"about":[{"href":"https:\/\/domingoseadvogados.com.br\/index.php\/wp-json\/wp\/v2\/types\/page"}],"author":[{"embeddable":true,"href":"https:\/\/domingoseadvogados.com.br\/index.php\/wp-json\/wp\/v2\/users\/2"}],"replies":[{"embeddable":true,"href":"https:\/\/domingoseadvogados.com.br\/index.php\/wp-json\/wp\/v2\/comments?post=503"}],"version-history":[{"count":1,"href":"https:\/\/domingoseadvogados.com.br\/index.php\/wp-json\/wp\/v2\/pages\/503\/revisions"}],"predecessor-version":[{"id":506,"href":"https:\/\/domingoseadvogados.com.br\/index.php\/wp-json\/wp\/v2\/pages\/503\/revisions\/506"}],"wp:featuredmedia":[{"embeddable":true,"href":"https:\/\/domingoseadvogados.com.br\/index.php\/wp-json\/wp\/v2\/media\/502"}],"wp:attachment":[{"href":"https:\/\/domingoseadvogados.com.br\/index.php\/wp-json\/wp\/v2\/media?parent=503"}],"curies":[{"name":"wp","href":"https:\/\/api.w.org\/{rel}","templated":true}]}}