{"id":485,"date":"2018-10-11T14:14:20","date_gmt":"2018-10-11T17:14:20","guid":{"rendered":"http:\/\/domingoseadvogados.com.br\/?page_id=485"},"modified":"2018-10-11T14:15:06","modified_gmt":"2018-10-11T17:15:06","slug":"consumidor","status":"publish","type":"page","link":"https:\/\/domingoseadvogados.com.br\/index.php\/consumidor\/","title":{"rendered":"Consumidor"},"content":{"rendered":"<h2><strong>Consumidor <\/strong><\/h2>\n<p style=\"text-align: justify;\">Com o advento do C\u00f3digo de Defesa do Consumidor, criou-se uma legisla\u00e7\u00e3o espec\u00edfica para regulamentar a rela\u00e7\u00e3o entre consumidores e fornecedores de bens e servi\u00e7os, delimitando os direitos e obriga\u00e7\u00f5es de cada um. Esta Legisla\u00e7\u00e3o espec\u00edfica visa, primordialmente, garantir ao consumidor respeito a sua dignidade, sa\u00fade e seguran\u00e7a, al\u00e9m de manter a transpar\u00eancia e harmonia nas rela\u00e7\u00f5es de consumo.<\/p>\n<p><!--more--><\/p>\n<p style=\"text-align: justify;\">Como conseq\u00fc\u00eancia do substancial aumento do consumo no pa\u00eds, tamb\u00e9m se torna inevit\u00e1vel o aumento nos conflitos de interesses entre empresas fornecedoras de produtos e servi\u00e7os e os consumidores. Diante disso, nosso escrit\u00f3rio atua na defesa de interesses dos consumidores e tamb\u00e9m dos fornecedores de produtos e servi\u00e7os, para resolver quest\u00f5es relativas ao Direito do Consumidor, tanto na esfera judicial quanto na extrajudicial.<\/p>\n<p style=\"text-align: justify;\">Na esfera judicial, o escrit\u00f3rio conta com um corpo jur\u00eddico altamente preparado e qualificado para a elabora\u00e7\u00e3o dos mais diversos tipos de medidas judiciais visando resguardar amplamente o direito do cliente, seja ele fornecedor ou consumidor, em assuntos ligados \u00e0s rela\u00e7\u00f5es de consumo, nos mais diferentes ramos de neg\u00f3cio.<\/p>\n<p style=\"text-align: justify;\">Na esfera extrajudicial, o escrit\u00f3rio atua na defesa dos interesses de seus clientes frente a \u00f3rg\u00e3os administrativos, como o PROCON e as Ag\u00eancias Reguladoras. Nosso escrit\u00f3rio tamb\u00e9m atua na \u00e1rea consultiva, com foco na preven\u00e7\u00e3o de conflitos, orientando as partes envolvidas na reda\u00e7\u00e3o e interpreta\u00e7\u00e3o de contratos de consumo, al\u00e9m de prestar orienta\u00e7\u00e3o em situa\u00e7\u00f5es ligadas \u00e0s diversas rela\u00e7\u00f5es entre consumidores e fornecedores, evitando, muitas vezes, um lit\u00edgio futuro.<\/p>\n","protected":false},"excerpt":{"rendered":"<p>Consumidor Com o advento do C\u00f3digo de Defesa do Consumidor, criou-se uma legisla\u00e7\u00e3o espec\u00edfica para regulamentar a rela\u00e7\u00e3o entre consumidores e fornecedores de bens e servi\u00e7os, delimitando os direitos e obriga\u00e7\u00f5es de cada um. Esta Legisla\u00e7\u00e3o espec\u00edfica visa, primordialmente, garantir ao consumidor respeito a sua dignidade, sa\u00fade e seguran\u00e7a, al\u00e9m de manter a transpar\u00eancia e [&hellip;]<\/p>\n","protected":false},"author":2,"featured_media":495,"parent":0,"menu_order":0,"comment_status":"open","ping_status":"open","template":"","meta":{"_mi_skip_tracking":false,"footnotes":""},"class_list":["post-485","page","type-page","status-publish","has-post-thumbnail","hentry"],"jetpack-related-posts":[{"id":449,"url":"https:\/\/domingoseadvogados.com.br\/index.php\/bancario\/","url_meta":{"origin":485,"position":0},"title":"Banc\u00e1rio","date":"outubro 11, 2018","format":false,"excerpt":"Banc\u00e1rio As institui\u00e7\u00f5es financeiras oferecem uma s\u00e9rie de contratos envolvendo a concess\u00e3o de cr\u00e9dito para empresas e pessoas f\u00edsicas. Tais contratos podem ser de natureza pessoal (cr\u00e9dito concedido para fins de consumo), comercial (cr\u00e9dito para empresas formarem seu capital de giro), industrial (cr\u00e9dito para aquisi\u00e7\u00e3o de mat\u00e9ria-prima ou para despesas\u2026","rel":"","context":"Post similar","img":{"alt_text":"","src":"https:\/\/i0.wp.com\/domingoseadvogados.com.br\/wp-content\/uploads\/2018\/10\/conta.jpg?resize=350%2C200&ssl=1","width":350,"height":200},"classes":[]},{"id":346,"url":"https:\/\/domingoseadvogados.com.br\/index.php\/trabalhista\/","url_meta":{"origin":485,"position":1},"title":"Trabalhista","date":"outubro 11, 2018","format":false,"excerpt":"Trabalhista A orienta\u00e7\u00e3o jur\u00eddica fornecida antes do surgimento do problema \u00e9 a melhor maneira de evitar que as empresas sofram com reclama\u00e7\u00f5es trabalhistas, em especial as que oferecem alto risco. Nesta linha, a equipe de Direito do Trabalho de nosso escrit\u00f3rio \u00e9 especialista em diagnosticar os focos de conflitos, observando\u2026","rel":"","context":"Post similar","img":{"alt_text":"","src":"https:\/\/i0.wp.com\/domingoseadvogados.com.br\/wp-content\/uploads\/2018\/10\/shutterstock_108943724-1000x675.jpg?resize=350%2C200&ssl=1","width":350,"height":200},"classes":[]},{"id":503,"url":"https:\/\/domingoseadvogados.com.br\/index.php\/civel\/","url_meta":{"origin":485,"position":2},"title":"C\u00edvel","date":"outubro 11, 2018","format":false,"excerpt":"C\u00edvel A \u00e1rea de Direito Civil cuida de uma das vertentes mais abrangentes do Direito atual, presente nas mais diversas rela\u00e7\u00f5es jur\u00eddicas travadas entre particulares, abrangendo, ainda, as rela\u00e7\u00f5es de consumo, as diversas esp\u00e9cies de obriga\u00e7\u00f5es, os contratos em geral, os t\u00edtulos de cr\u00e9dito, a responsabilidade civil, o direito empresarial\u2026","rel":"","context":"Post similar","img":{"alt_text":"","src":"https:\/\/i0.wp.com\/domingoseadvogados.com.br\/wp-content\/uploads\/2016\/03\/27.png?resize=350%2C200&ssl=1","width":350,"height":200},"classes":[]},{"id":471,"url":"https:\/\/domingoseadvogados.com.br\/index.php\/tributario\/","url_meta":{"origin":485,"position":3},"title":"Tribut\u00e1rio","date":"outubro 11, 2018","format":false,"excerpt":"Tribut\u00e1rio Nosso escrit\u00f3rio conta com estrutura e profissionais devidamente habilitados para prestar consultoria e assessoria jur\u00eddica plenas na \u00e1rea do Direito Tribut\u00e1rio. Neste contexto, a atua\u00e7\u00e3o preventiva, posta em pr\u00e1tica mediante um planejamento tribut\u00e1rio realizado especificamente para cada cliente, \u00e9 cada vez mais valorizada. Com isso, \u00e9 poss\u00edvel promover a\u2026","rel":"","context":"Post similar","img":{"alt_text":"","src":"https:\/\/i0.wp.com\/domingoseadvogados.com.br\/wp-content\/uploads\/2018\/10\/TRIBUT\u00c1RIO-1.jpg?resize=350%2C200&ssl=1","width":350,"height":200},"classes":[]},{"id":445,"url":"https:\/\/domingoseadvogados.com.br\/index.php\/previdenciario\/","url_meta":{"origin":485,"position":4},"title":"Previdenci\u00e1rio","date":"outubro 11, 2018","format":false,"excerpt":"Previdenci\u00e1rio Nosso escrit\u00f3rio conta com profissionais especializados, efetuando o contencioso administrativo e judicial, junto a Autarquia Federal \u2013 INSS, SPPREV e outras, para pleitear direitos dos segurados, tais como, concess\u00e3o e revis\u00e3o de benef\u00edcio. \u2022 Requerimento de concess\u00e3o de Aposentadorias em Geral; \u2022 Revis\u00e3o de Aposentadorias; \u2022 Requerimento de concess\u00e3o\u2026","rel":"","context":"Post similar","img":{"alt_text":"","src":"https:\/\/i0.wp.com\/domingoseadvogados.com.br\/wp-content\/uploads\/2017\/11\/aposentadoria.jpg?resize=350%2C200&ssl=1","width":350,"height":200},"classes":[]}],"_links":{"self":[{"href":"https:\/\/domingoseadvogados.com.br\/index.php\/wp-json\/wp\/v2\/pages\/485"}],"collection":[{"href":"https:\/\/domingoseadvogados.com.br\/index.php\/wp-json\/wp\/v2\/pages"}],"about":[{"href":"https:\/\/domingoseadvogados.com.br\/index.php\/wp-json\/wp\/v2\/types\/page"}],"author":[{"embeddable":true,"href":"https:\/\/domingoseadvogados.com.br\/index.php\/wp-json\/wp\/v2\/users\/2"}],"replies":[{"embeddable":true,"href":"https:\/\/domingoseadvogados.com.br\/index.php\/wp-json\/wp\/v2\/comments?post=485"}],"version-history":[{"count":1,"href":"https:\/\/domingoseadvogados.com.br\/index.php\/wp-json\/wp\/v2\/pages\/485\/revisions"}],"predecessor-version":[{"id":496,"href":"https:\/\/domingoseadvogados.com.br\/index.php\/wp-json\/wp\/v2\/pages\/485\/revisions\/496"}],"wp:featuredmedia":[{"embeddable":true,"href":"https:\/\/domingoseadvogados.com.br\/index.php\/wp-json\/wp\/v2\/media\/495"}],"wp:attachment":[{"href":"https:\/\/domingoseadvogados.com.br\/index.php\/wp-json\/wp\/v2\/media?parent=485"}],"curies":[{"name":"wp","href":"https:\/\/api.w.org\/{rel}","templated":true}]}}