{"id":471,"date":"2018-10-11T12:00:13","date_gmt":"2018-10-11T15:00:13","guid":{"rendered":"http:\/\/domingoseadvogados.com.br\/?page_id=471"},"modified":"2018-10-11T14:18:37","modified_gmt":"2018-10-11T17:18:37","slug":"tributario","status":"publish","type":"page","link":"https:\/\/domingoseadvogados.com.br\/index.php\/tributario\/","title":{"rendered":"Tribut\u00e1rio"},"content":{"rendered":"<h2><strong>Tribut\u00e1rio<\/strong><\/h2>\n<p style=\"text-align: justify;\">Nosso escrit\u00f3rio conta com estrutura e profissionais devidamente habilitados para prestar consultoria e assessoria jur\u00eddica plenas na \u00e1rea do Direito Tribut\u00e1rio.<\/p>\n<p style=\"text-align: justify;\">Neste contexto, a atua\u00e7\u00e3o preventiva, posta em pr\u00e1tica mediante um planejamento tribut\u00e1rio realizado especificamente para cada cliente, \u00e9 cada vez mais valorizada. Com isso, \u00e9 poss\u00edvel promover a identifica\u00e7\u00e3o do neg\u00f3cio e suas repercuss\u00f5es fiscais; o planejamento objetivando a economia l\u00edcita de tributos (elis\u00e3o fiscal) e a estrutura\u00e7\u00e3o da atividade, visando reduzir a carga tribut\u00e1ria.<\/p>\n<p><!--more--><\/p>\n<p style=\"text-align: justify;\">No mesmo sentido, o escrit\u00f3rio dedica-se a medidas que unem o planejamento tribut\u00e1rio ao planejamento societ\u00e1rio e, at\u00e9 mesmo, ao sucess\u00f3rio, adotando-as em casos de empresas familiares ou em que haja patrim\u00f4nio familiar comum, inclusive mediante a cria\u00e7\u00e3o de Holdings. Em sede, ainda, de atua\u00e7\u00e3o preventiva, Domingos Assad Stocco Advogados orienta seus clientes sobre a apura\u00e7\u00e3o e o recolhimento de tributos de todas as esp\u00e9cies (impostos, contribui\u00e7\u00f5es, taxas) e de todas as esferas (federal, estadual e municipal), realizando uma an\u00e1lise da atual situa\u00e7\u00e3o fiscal do cliente, a fim de identificar poss\u00edveis falhas ou incongru\u00eancias, seja em rela\u00e7\u00e3o \u00e0s obriga\u00e7\u00f5es principais, seja \u00e0s acess\u00f3rias; aliando isso a administra\u00e7\u00e3o do passivo e a possibilidade de compensa\u00e7\u00e3o entre tributos, aproveitamento de cr\u00e9ditos fiscais, pagamento de tributos com precat\u00f3rios e outros bens.<\/p>\n<p style=\"text-align: justify;\">No campo contencioso administrativo e judicial, a equipe da \u00e1rea de Direito Tribut\u00e1rio dedica-se ao acompanhamento de fiscaliza\u00e7\u00f5es tribut\u00e1rias e defesas em autos de infra\u00e7\u00e3o e elabora\u00e7\u00e3o de recursos administrativos contra lan\u00e7amentos de tributos; propositura de mandados de seguran\u00e7a, a\u00e7\u00f5es para reconhecimento de inexist\u00eancia do dever de pagar determinados tributos, a\u00e7\u00f5es anulat\u00f3rias de d\u00e9bitos fiscais, embargos \u00e0 execu\u00e7\u00f5es fiscais, a\u00e7\u00f5es para obten\u00e7\u00e3o de certid\u00f5es negativas de d\u00e9bitos fiscais ou positivas com efeito de negativas.<\/p>\n","protected":false},"excerpt":{"rendered":"<p>Tribut\u00e1rio Nosso escrit\u00f3rio conta com estrutura e profissionais devidamente habilitados para prestar consultoria e assessoria jur\u00eddica plenas na \u00e1rea do Direito Tribut\u00e1rio. Neste contexto, a atua\u00e7\u00e3o preventiva, posta em pr\u00e1tica mediante um planejamento tribut\u00e1rio realizado especificamente para cada cliente, \u00e9 cada vez mais valorizada. Com isso, \u00e9 poss\u00edvel promover a identifica\u00e7\u00e3o do neg\u00f3cio e suas [&hellip;]<\/p>\n","protected":false},"author":2,"featured_media":484,"parent":0,"menu_order":0,"comment_status":"open","ping_status":"open","template":"","meta":{"_mi_skip_tracking":false,"footnotes":""},"class_list":["post-471","page","type-page","status-publish","has-post-thumbnail","hentry"],"jetpack-related-posts":[{"id":503,"url":"https:\/\/domingoseadvogados.com.br\/index.php\/civel\/","url_meta":{"origin":471,"position":0},"title":"C\u00edvel","date":"outubro 11, 2018","format":false,"excerpt":"C\u00edvel A \u00e1rea de Direito Civil cuida de uma das vertentes mais abrangentes do Direito atual, presente nas mais diversas rela\u00e7\u00f5es jur\u00eddicas travadas entre particulares, abrangendo, ainda, as rela\u00e7\u00f5es de consumo, as diversas esp\u00e9cies de obriga\u00e7\u00f5es, os contratos em geral, os t\u00edtulos de cr\u00e9dito, a responsabilidade civil, o direito empresarial\u2026","rel":"","context":"Post similar","img":{"alt_text":"","src":"https:\/\/i0.wp.com\/domingoseadvogados.com.br\/wp-content\/uploads\/2016\/03\/27.png?resize=350%2C200&ssl=1","width":350,"height":200},"classes":[]},{"id":449,"url":"https:\/\/domingoseadvogados.com.br\/index.php\/bancario\/","url_meta":{"origin":471,"position":1},"title":"Banc\u00e1rio","date":"outubro 11, 2018","format":false,"excerpt":"Banc\u00e1rio As institui\u00e7\u00f5es financeiras oferecem uma s\u00e9rie de contratos envolvendo a concess\u00e3o de cr\u00e9dito para empresas e pessoas f\u00edsicas. Tais contratos podem ser de natureza pessoal (cr\u00e9dito concedido para fins de consumo), comercial (cr\u00e9dito para empresas formarem seu capital de giro), industrial (cr\u00e9dito para aquisi\u00e7\u00e3o de mat\u00e9ria-prima ou para despesas\u2026","rel":"","context":"Post similar","img":{"alt_text":"","src":"https:\/\/i0.wp.com\/domingoseadvogados.com.br\/wp-content\/uploads\/2018\/10\/conta.jpg?resize=350%2C200&ssl=1","width":350,"height":200},"classes":[]},{"id":346,"url":"https:\/\/domingoseadvogados.com.br\/index.php\/trabalhista\/","url_meta":{"origin":471,"position":2},"title":"Trabalhista","date":"outubro 11, 2018","format":false,"excerpt":"Trabalhista A orienta\u00e7\u00e3o jur\u00eddica fornecida antes do surgimento do problema \u00e9 a melhor maneira de evitar que as empresas sofram com reclama\u00e7\u00f5es trabalhistas, em especial as que oferecem alto risco. Nesta linha, a equipe de Direito do Trabalho de nosso escrit\u00f3rio \u00e9 especialista em diagnosticar os focos de conflitos, observando\u2026","rel":"","context":"Post similar","img":{"alt_text":"","src":"https:\/\/i0.wp.com\/domingoseadvogados.com.br\/wp-content\/uploads\/2018\/10\/shutterstock_108943724-1000x675.jpg?resize=350%2C200&ssl=1","width":350,"height":200},"classes":[]},{"id":485,"url":"https:\/\/domingoseadvogados.com.br\/index.php\/consumidor\/","url_meta":{"origin":471,"position":3},"title":"Consumidor","date":"outubro 11, 2018","format":false,"excerpt":"Consumidor Com o advento do C\u00f3digo de Defesa do Consumidor, criou-se uma legisla\u00e7\u00e3o espec\u00edfica para regulamentar a rela\u00e7\u00e3o entre consumidores e fornecedores de bens e servi\u00e7os, delimitando os direitos e obriga\u00e7\u00f5es de cada um. Esta Legisla\u00e7\u00e3o espec\u00edfica visa, primordialmente, garantir ao consumidor respeito a sua dignidade, sa\u00fade e seguran\u00e7a, al\u00e9m\u2026","rel":"","context":"Post similar","img":{"alt_text":"","src":"https:\/\/i0.wp.com\/domingoseadvogados.com.br\/wp-content\/uploads\/2016\/03\/narciso-areas-atuacao-consumidor.png?resize=350%2C200&ssl=1","width":350,"height":200},"classes":[]},{"id":445,"url":"https:\/\/domingoseadvogados.com.br\/index.php\/previdenciario\/","url_meta":{"origin":471,"position":4},"title":"Previdenci\u00e1rio","date":"outubro 11, 2018","format":false,"excerpt":"Previdenci\u00e1rio Nosso escrit\u00f3rio conta com profissionais especializados, efetuando o contencioso administrativo e judicial, junto a Autarquia Federal \u2013 INSS, SPPREV e outras, para pleitear direitos dos segurados, tais como, concess\u00e3o e revis\u00e3o de benef\u00edcio. \u2022 Requerimento de concess\u00e3o de Aposentadorias em Geral; \u2022 Revis\u00e3o de Aposentadorias; \u2022 Requerimento de concess\u00e3o\u2026","rel":"","context":"Post similar","img":{"alt_text":"","src":"https:\/\/i0.wp.com\/domingoseadvogados.com.br\/wp-content\/uploads\/2017\/11\/aposentadoria.jpg?resize=350%2C200&ssl=1","width":350,"height":200},"classes":[]}],"_links":{"self":[{"href":"https:\/\/domingoseadvogados.com.br\/index.php\/wp-json\/wp\/v2\/pages\/471"}],"collection":[{"href":"https:\/\/domingoseadvogados.com.br\/index.php\/wp-json\/wp\/v2\/pages"}],"about":[{"href":"https:\/\/domingoseadvogados.com.br\/index.php\/wp-json\/wp\/v2\/types\/page"}],"author":[{"embeddable":true,"href":"https:\/\/domingoseadvogados.com.br\/index.php\/wp-json\/wp\/v2\/users\/2"}],"replies":[{"embeddable":true,"href":"https:\/\/domingoseadvogados.com.br\/index.php\/wp-json\/wp\/v2\/comments?post=471"}],"version-history":[{"count":2,"href":"https:\/\/domingoseadvogados.com.br\/index.php\/wp-json\/wp\/v2\/pages\/471\/revisions"}],"predecessor-version":[{"id":482,"href":"https:\/\/domingoseadvogados.com.br\/index.php\/wp-json\/wp\/v2\/pages\/471\/revisions\/482"}],"wp:featuredmedia":[{"embeddable":true,"href":"https:\/\/domingoseadvogados.com.br\/index.php\/wp-json\/wp\/v2\/media\/484"}],"wp:attachment":[{"href":"https:\/\/domingoseadvogados.com.br\/index.php\/wp-json\/wp\/v2\/media?parent=471"}],"curies":[{"name":"wp","href":"https:\/\/api.w.org\/{rel}","templated":true}]}}