{"id":449,"date":"2018-10-11T11:33:17","date_gmt":"2018-10-11T14:33:17","guid":{"rendered":"http:\/\/domingoseadvogados.com.br\/?page_id=449"},"modified":"2018-10-11T14:16:36","modified_gmt":"2018-10-11T17:16:36","slug":"bancario","status":"publish","type":"page","link":"https:\/\/domingoseadvogados.com.br\/index.php\/bancario\/","title":{"rendered":"Banc\u00e1rio"},"content":{"rendered":"<h2><strong>Banc\u00e1rio<\/strong><\/h2>\n<p style=\"text-align: justify;\">As institui\u00e7\u00f5es financeiras oferecem uma s\u00e9rie de contratos envolvendo a concess\u00e3o de cr\u00e9dito para empresas e pessoas f\u00edsicas. Tais contratos podem ser de natureza pessoal (cr\u00e9dito concedido para fins de consumo), comercial (cr\u00e9dito para empresas formarem seu capital de giro), industrial (cr\u00e9dito para aquisi\u00e7\u00e3o de mat\u00e9ria-prima ou para despesas pr\u00f3prias da atividade industrial) e agr\u00edcola (cr\u00e9dito visando o incremento da atividade rural).<\/p>\n<p><!--more--><\/p>\n<p style=\"text-align: justify;\">Ao firmar tais contratos, a maioria dos consumidores ou empresas usualmente n\u00e3o percebe certos abusos cometidos pelas institui\u00e7\u00f5es financeiras, os quais certamente acarretar\u00e3o aos clientes s\u00e9rios preju\u00edzos futuros. Para evitar ou minimizar a ocorr\u00eancia desses preju\u00edzos financeiros, nosso escrit\u00f3rio conta com uma equipe especializada em Direito Banc\u00e1rio, que busca, sobretudo, organizar a sa\u00fade financeira de seus clientes.<\/p>\n<p style=\"text-align: justify;\">A partir de uma an\u00e1lise cr\u00edtica, \u00e9 poss\u00edvel adotar medidas judiciais capazes de trazer um maior equil\u00edbrio financeiro aos contratos banc\u00e1rios, fazendo com que estas rela\u00e7\u00f5es deixem de ser t\u00e3o onerosas para os clientes.<\/p>\n<p style=\"text-align: justify;\">Com amparo na experi\u00eancia e nos resultados obtidos pela equipe de Direito Banc\u00e1rio deste escrit\u00f3rio, pode-se afirmar que a aplica\u00e7\u00e3o de medidas judiciais, aliada a um bem arquitetado planejamento estrat\u00e9gico, resulta na f\u00f3rmula ideal capaz de possibilitar a tranquilidade financeira almejada pelos clientes.<\/p>\n","protected":false},"excerpt":{"rendered":"<p>Banc\u00e1rio As institui\u00e7\u00f5es financeiras oferecem uma s\u00e9rie de contratos envolvendo a concess\u00e3o de cr\u00e9dito para empresas e pessoas f\u00edsicas. Tais contratos podem ser de natureza pessoal (cr\u00e9dito concedido para fins de consumo), comercial (cr\u00e9dito para empresas formarem seu capital de giro), industrial (cr\u00e9dito para aquisi\u00e7\u00e3o de mat\u00e9ria-prima ou para despesas pr\u00f3prias da atividade industrial) e [&hellip;]<\/p>\n","protected":false},"author":2,"featured_media":461,"parent":0,"menu_order":0,"comment_status":"open","ping_status":"open","template":"","meta":{"_mi_skip_tracking":false,"footnotes":""},"class_list":["post-449","page","type-page","status-publish","has-post-thumbnail","hentry"],"jetpack-related-posts":[{"id":503,"url":"https:\/\/domingoseadvogados.com.br\/index.php\/civel\/","url_meta":{"origin":449,"position":0},"title":"C\u00edvel","date":"outubro 11, 2018","format":false,"excerpt":"C\u00edvel A \u00e1rea de Direito Civil cuida de uma das vertentes mais abrangentes do Direito atual, presente nas mais diversas rela\u00e7\u00f5es jur\u00eddicas travadas entre particulares, abrangendo, ainda, as rela\u00e7\u00f5es de consumo, as diversas esp\u00e9cies de obriga\u00e7\u00f5es, os contratos em geral, os t\u00edtulos de cr\u00e9dito, a responsabilidade civil, o direito empresarial\u2026","rel":"","context":"Post similar","img":{"alt_text":"","src":"https:\/\/i0.wp.com\/domingoseadvogados.com.br\/wp-content\/uploads\/2016\/03\/27.png?resize=350%2C200&ssl=1","width":350,"height":200},"classes":[]},{"id":485,"url":"https:\/\/domingoseadvogados.com.br\/index.php\/consumidor\/","url_meta":{"origin":449,"position":1},"title":"Consumidor","date":"outubro 11, 2018","format":false,"excerpt":"Consumidor Com o advento do C\u00f3digo de Defesa do Consumidor, criou-se uma legisla\u00e7\u00e3o espec\u00edfica para regulamentar a rela\u00e7\u00e3o entre consumidores e fornecedores de bens e servi\u00e7os, delimitando os direitos e obriga\u00e7\u00f5es de cada um. Esta Legisla\u00e7\u00e3o espec\u00edfica visa, primordialmente, garantir ao consumidor respeito a sua dignidade, sa\u00fade e seguran\u00e7a, al\u00e9m\u2026","rel":"","context":"Post similar","img":{"alt_text":"","src":"https:\/\/i0.wp.com\/domingoseadvogados.com.br\/wp-content\/uploads\/2016\/03\/narciso-areas-atuacao-consumidor.png?resize=350%2C200&ssl=1","width":350,"height":200},"classes":[]},{"id":471,"url":"https:\/\/domingoseadvogados.com.br\/index.php\/tributario\/","url_meta":{"origin":449,"position":2},"title":"Tribut\u00e1rio","date":"outubro 11, 2018","format":false,"excerpt":"Tribut\u00e1rio Nosso escrit\u00f3rio conta com estrutura e profissionais devidamente habilitados para prestar consultoria e assessoria jur\u00eddica plenas na \u00e1rea do Direito Tribut\u00e1rio. Neste contexto, a atua\u00e7\u00e3o preventiva, posta em pr\u00e1tica mediante um planejamento tribut\u00e1rio realizado especificamente para cada cliente, \u00e9 cada vez mais valorizada. Com isso, \u00e9 poss\u00edvel promover a\u2026","rel":"","context":"Post similar","img":{"alt_text":"","src":"https:\/\/i0.wp.com\/domingoseadvogados.com.br\/wp-content\/uploads\/2018\/10\/TRIBUT\u00c1RIO-1.jpg?resize=350%2C200&ssl=1","width":350,"height":200},"classes":[]},{"id":346,"url":"https:\/\/domingoseadvogados.com.br\/index.php\/trabalhista\/","url_meta":{"origin":449,"position":3},"title":"Trabalhista","date":"outubro 11, 2018","format":false,"excerpt":"Trabalhista A orienta\u00e7\u00e3o jur\u00eddica fornecida antes do surgimento do problema \u00e9 a melhor maneira de evitar que as empresas sofram com reclama\u00e7\u00f5es trabalhistas, em especial as que oferecem alto risco. Nesta linha, a equipe de Direito do Trabalho de nosso escrit\u00f3rio \u00e9 especialista em diagnosticar os focos de conflitos, observando\u2026","rel":"","context":"Post similar","img":{"alt_text":"","src":"https:\/\/i0.wp.com\/domingoseadvogados.com.br\/wp-content\/uploads\/2018\/10\/shutterstock_108943724-1000x675.jpg?resize=350%2C200&ssl=1","width":350,"height":200},"classes":[]},{"id":445,"url":"https:\/\/domingoseadvogados.com.br\/index.php\/previdenciario\/","url_meta":{"origin":449,"position":4},"title":"Previdenci\u00e1rio","date":"outubro 11, 2018","format":false,"excerpt":"Previdenci\u00e1rio Nosso escrit\u00f3rio conta com profissionais especializados, efetuando o contencioso administrativo e judicial, junto a Autarquia Federal \u2013 INSS, SPPREV e outras, para pleitear direitos dos segurados, tais como, concess\u00e3o e revis\u00e3o de benef\u00edcio. \u2022 Requerimento de concess\u00e3o de Aposentadorias em Geral; \u2022 Revis\u00e3o de Aposentadorias; \u2022 Requerimento de concess\u00e3o\u2026","rel":"","context":"Post similar","img":{"alt_text":"","src":"https:\/\/i0.wp.com\/domingoseadvogados.com.br\/wp-content\/uploads\/2017\/11\/aposentadoria.jpg?resize=350%2C200&ssl=1","width":350,"height":200},"classes":[]}],"_links":{"self":[{"href":"https:\/\/domingoseadvogados.com.br\/index.php\/wp-json\/wp\/v2\/pages\/449"}],"collection":[{"href":"https:\/\/domingoseadvogados.com.br\/index.php\/wp-json\/wp\/v2\/pages"}],"about":[{"href":"https:\/\/domingoseadvogados.com.br\/index.php\/wp-json\/wp\/v2\/types\/page"}],"author":[{"embeddable":true,"href":"https:\/\/domingoseadvogados.com.br\/index.php\/wp-json\/wp\/v2\/users\/2"}],"replies":[{"embeddable":true,"href":"https:\/\/domingoseadvogados.com.br\/index.php\/wp-json\/wp\/v2\/comments?post=449"}],"version-history":[{"count":2,"href":"https:\/\/domingoseadvogados.com.br\/index.php\/wp-json\/wp\/v2\/pages\/449\/revisions"}],"predecessor-version":[{"id":468,"href":"https:\/\/domingoseadvogados.com.br\/index.php\/wp-json\/wp\/v2\/pages\/449\/revisions\/468"}],"wp:featuredmedia":[{"embeddable":true,"href":"https:\/\/domingoseadvogados.com.br\/index.php\/wp-json\/wp\/v2\/media\/461"}],"wp:attachment":[{"href":"https:\/\/domingoseadvogados.com.br\/index.php\/wp-json\/wp\/v2\/media?parent=449"}],"curies":[{"name":"wp","href":"https:\/\/api.w.org\/{rel}","templated":true}]}}