{"id":445,"date":"2018-10-11T10:27:39","date_gmt":"2018-10-11T13:27:39","guid":{"rendered":"http:\/\/domingoseadvogados.com.br\/?page_id=445"},"modified":"2018-10-11T11:41:42","modified_gmt":"2018-10-11T14:41:42","slug":"previdenciario","status":"publish","type":"page","link":"https:\/\/domingoseadvogados.com.br\/index.php\/previdenciario\/","title":{"rendered":"Previdenci\u00e1rio"},"content":{"rendered":"<h2><strong>Previdenci\u00e1rio<\/strong><\/h2>\n<p style=\"text-align: justify;\">Nosso escrit\u00f3rio conta com profissionais especializados, efetuando o contencioso administrativo e judicial, junto a Autarquia Federal \u2013 INSS, SPPREV e outras, para pleitear direitos dos segurados, tais como, concess\u00e3o e revis\u00e3o de benef\u00edcio.<\/p>\n<p><!--more--><\/p>\n<p style=\"text-align: justify;\">\u2022 Requerimento de concess\u00e3o de Aposentadorias em Geral;<br \/>\n\u2022 Revis\u00e3o de Aposentadorias;<br \/>\n\u2022 Requerimento de concess\u00e3o de pens\u00e3o em geral;<br \/>\n\u2022 Revis\u00e3o de pens\u00f5es;<br \/>\n\u2022 Requerimento de aux\u00edlio-doen\u00e7a e aposentadoria por invalidez;<br \/>\n\u2022 Revis\u00e3o e atualiza\u00e7\u00e3o de benef\u00edcios em geral;<br \/>\n\u2022 A\u00e7\u00e3o de revis\u00e3o de FGTS;<br \/>\n\u2022 A\u00e7\u00f5es de Poupan\u00e7a (Expurgos dos planos econ\u00f4micos); e<br \/>\n\u2022 Desaposenta\u00e7\u00e3o.<\/p>\n","protected":false},"excerpt":{"rendered":"<p>Previdenci\u00e1rio Nosso escrit\u00f3rio conta com profissionais especializados, efetuando o contencioso administrativo e judicial, junto a Autarquia Federal \u2013 INSS, SPPREV e outras, para pleitear direitos dos segurados, tais como, concess\u00e3o e revis\u00e3o de benef\u00edcio.<\/p>\n","protected":false},"author":2,"featured_media":147,"parent":0,"menu_order":0,"comment_status":"open","ping_status":"open","template":"","meta":{"_mi_skip_tracking":false,"footnotes":""},"class_list":["post-445","page","type-page","status-publish","has-post-thumbnail","hentry"],"jetpack-related-posts":[{"id":449,"url":"https:\/\/domingoseadvogados.com.br\/index.php\/bancario\/","url_meta":{"origin":445,"position":0},"title":"Banc\u00e1rio","date":"outubro 11, 2018","format":false,"excerpt":"Banc\u00e1rio As institui\u00e7\u00f5es financeiras oferecem uma s\u00e9rie de contratos envolvendo a concess\u00e3o de cr\u00e9dito para empresas e pessoas f\u00edsicas. Tais contratos podem ser de natureza pessoal (cr\u00e9dito concedido para fins de consumo), comercial (cr\u00e9dito para empresas formarem seu capital de giro), industrial (cr\u00e9dito para aquisi\u00e7\u00e3o de mat\u00e9ria-prima ou para despesas\u2026","rel":"","context":"Post similar","img":{"alt_text":"","src":"https:\/\/i0.wp.com\/domingoseadvogados.com.br\/wp-content\/uploads\/2018\/10\/conta.jpg?resize=350%2C200&ssl=1","width":350,"height":200},"classes":[]},{"id":503,"url":"https:\/\/domingoseadvogados.com.br\/index.php\/civel\/","url_meta":{"origin":445,"position":1},"title":"C\u00edvel","date":"outubro 11, 2018","format":false,"excerpt":"C\u00edvel A \u00e1rea de Direito Civil cuida de uma das vertentes mais abrangentes do Direito atual, presente nas mais diversas rela\u00e7\u00f5es jur\u00eddicas travadas entre particulares, abrangendo, ainda, as rela\u00e7\u00f5es de consumo, as diversas esp\u00e9cies de obriga\u00e7\u00f5es, os contratos em geral, os t\u00edtulos de cr\u00e9dito, a responsabilidade civil, o direito empresarial\u2026","rel":"","context":"Post similar","img":{"alt_text":"","src":"https:\/\/i0.wp.com\/domingoseadvogados.com.br\/wp-content\/uploads\/2016\/03\/27.png?resize=350%2C200&ssl=1","width":350,"height":200},"classes":[]}],"_links":{"self":[{"href":"https:\/\/domingoseadvogados.com.br\/index.php\/wp-json\/wp\/v2\/pages\/445"}],"collection":[{"href":"https:\/\/domingoseadvogados.com.br\/index.php\/wp-json\/wp\/v2\/pages"}],"about":[{"href":"https:\/\/domingoseadvogados.com.br\/index.php\/wp-json\/wp\/v2\/types\/page"}],"author":[{"embeddable":true,"href":"https:\/\/domingoseadvogados.com.br\/index.php\/wp-json\/wp\/v2\/users\/2"}],"replies":[{"embeddable":true,"href":"https:\/\/domingoseadvogados.com.br\/index.php\/wp-json\/wp\/v2\/comments?post=445"}],"version-history":[{"count":2,"href":"https:\/\/domingoseadvogados.com.br\/index.php\/wp-json\/wp\/v2\/pages\/445\/revisions"}],"predecessor-version":[{"id":469,"href":"https:\/\/domingoseadvogados.com.br\/index.php\/wp-json\/wp\/v2\/pages\/445\/revisions\/469"}],"wp:featuredmedia":[{"embeddable":true,"href":"https:\/\/domingoseadvogados.com.br\/index.php\/wp-json\/wp\/v2\/media\/147"}],"wp:attachment":[{"href":"https:\/\/domingoseadvogados.com.br\/index.php\/wp-json\/wp\/v2\/media?parent=445"}],"curies":[{"name":"wp","href":"https:\/\/api.w.org\/{rel}","templated":true}]}}