{"id":346,"date":"2018-10-11T10:07:21","date_gmt":"2018-10-11T13:07:21","guid":{"rendered":"http:\/\/domingoseadvogados.com.br\/?page_id=346"},"modified":"2018-10-11T14:17:59","modified_gmt":"2018-10-11T17:17:59","slug":"trabalhista","status":"publish","type":"page","link":"https:\/\/domingoseadvogados.com.br\/index.php\/trabalhista\/","title":{"rendered":"Trabalhista"},"content":{"rendered":"<h2><strong>Trabalhista<\/strong><\/h2>\n<p style=\"text-align: justify;\">A orienta\u00e7\u00e3o jur\u00eddica fornecida antes do surgimento do problema \u00e9 a melhor maneira de evitar que as empresas sofram com reclama\u00e7\u00f5es trabalhistas, em especial as que oferecem alto risco. Nesta linha, a equipe de Direito do Trabalho de nosso escrit\u00f3rio \u00e9 especialista em diagnosticar os focos de conflitos, observando minuciosamente as principais fragilidades, de modo a buscar solu\u00e7\u00f5es voltadas ao controle, gerenciamento e redu\u00e7\u00e3o de conting\u00eancias trabalhistas.<\/p>\n<p><!--more--><\/p>\n<p style=\"text-align: justify;\">A equipe desta \u00e1rea oferece ao cliente um trabalho consultivo e preventivo pleno, com a realiza\u00e7\u00e3o de due diligence, mediante auditoria focada no ajuste dos procedimentos adotados pela empresa, a fim de analisar a viabilidade de implementa\u00e7\u00e3o de modelos alternativos de contrata\u00e7\u00e3o, bem como de modelos flex\u00edveis de remunera\u00e7\u00e3o.<\/p>\n<p style=\"text-align: justify;\">Al\u00e9m da pr\u00e1tica consultiva e preventiva, a equipe tamb\u00e9m atua de maneira aguerrida na elabora\u00e7\u00e3o da defesa, recursos e no acompanhamento das audi\u00eancias de seus clientes, com atendimento totalmente informatizado e especializado em contencioso trabalhista complexo, com tratamento diferenciado para processos estrat\u00e9gicos. O escrit\u00f3rio tem experi\u00eancia em conflitos sindicais no \u00e2mbito judicial e extrajudicial, administra\u00e7\u00e3o de crises, negocia\u00e7\u00f5es coletivas, media\u00e7\u00f5es, arbitragem e diss\u00eddios coletivos.<\/p>\n<p style=\"text-align: justify;\">A \u00e1rea de Direito do Trabalho est\u00e1, portanto, apta a fornecer \u00e0s empresas todo o amparo jur\u00eddico necess\u00e1rio para o desenvolvimento saud\u00e1vel da rela\u00e7\u00e3o entre empregados e empregadores, de maneira a identificar suas necessidades e corrigir vulnerabilidades do empreendimento no \u00e2mbito trabalhista.<\/p>\n<div id=\"websigner_softplan_com_br\" class=\"websigner_softplan_com_br\" style=\"display: none;\"><\/div>\n","protected":false},"excerpt":{"rendered":"<p>Trabalhista A orienta\u00e7\u00e3o jur\u00eddica fornecida antes do surgimento do problema \u00e9 a melhor maneira de evitar que as empresas sofram com reclama\u00e7\u00f5es trabalhistas, em especial as que oferecem alto risco. Nesta linha, a equipe de Direito do Trabalho de nosso escrit\u00f3rio \u00e9 especialista em diagnosticar os focos de conflitos, observando minuciosamente as principais fragilidades, de [&hellip;]<\/p>\n","protected":false},"author":2,"featured_media":442,"parent":0,"menu_order":0,"comment_status":"open","ping_status":"open","template":"","meta":{"_mi_skip_tracking":false,"footnotes":""},"class_list":["post-346","page","type-page","status-publish","has-post-thumbnail","hentry"],"jetpack-related-posts":[{"id":449,"url":"https:\/\/domingoseadvogados.com.br\/index.php\/bancario\/","url_meta":{"origin":346,"position":0},"title":"Banc\u00e1rio","date":"outubro 11, 2018","format":false,"excerpt":"Banc\u00e1rio As institui\u00e7\u00f5es financeiras oferecem uma s\u00e9rie de contratos envolvendo a concess\u00e3o de cr\u00e9dito para empresas e pessoas f\u00edsicas. Tais contratos podem ser de natureza pessoal (cr\u00e9dito concedido para fins de consumo), comercial (cr\u00e9dito para empresas formarem seu capital de giro), industrial (cr\u00e9dito para aquisi\u00e7\u00e3o de mat\u00e9ria-prima ou para despesas\u2026","rel":"","context":"Post similar","img":{"alt_text":"","src":"https:\/\/i0.wp.com\/domingoseadvogados.com.br\/wp-content\/uploads\/2018\/10\/conta.jpg?resize=350%2C200&ssl=1","width":350,"height":200},"classes":[]},{"id":471,"url":"https:\/\/domingoseadvogados.com.br\/index.php\/tributario\/","url_meta":{"origin":346,"position":1},"title":"Tribut\u00e1rio","date":"outubro 11, 2018","format":false,"excerpt":"Tribut\u00e1rio Nosso escrit\u00f3rio conta com estrutura e profissionais devidamente habilitados para prestar consultoria e assessoria jur\u00eddica plenas na \u00e1rea do Direito Tribut\u00e1rio. Neste contexto, a atua\u00e7\u00e3o preventiva, posta em pr\u00e1tica mediante um planejamento tribut\u00e1rio realizado especificamente para cada cliente, \u00e9 cada vez mais valorizada. Com isso, \u00e9 poss\u00edvel promover a\u2026","rel":"","context":"Post similar","img":{"alt_text":"","src":"https:\/\/i0.wp.com\/domingoseadvogados.com.br\/wp-content\/uploads\/2018\/10\/TRIBUT\u00c1RIO-1.jpg?resize=350%2C200&ssl=1","width":350,"height":200},"classes":[]},{"id":485,"url":"https:\/\/domingoseadvogados.com.br\/index.php\/consumidor\/","url_meta":{"origin":346,"position":2},"title":"Consumidor","date":"outubro 11, 2018","format":false,"excerpt":"Consumidor Com o advento do C\u00f3digo de Defesa do Consumidor, criou-se uma legisla\u00e7\u00e3o espec\u00edfica para regulamentar a rela\u00e7\u00e3o entre consumidores e fornecedores de bens e servi\u00e7os, delimitando os direitos e obriga\u00e7\u00f5es de cada um. Esta Legisla\u00e7\u00e3o espec\u00edfica visa, primordialmente, garantir ao consumidor respeito a sua dignidade, sa\u00fade e seguran\u00e7a, al\u00e9m\u2026","rel":"","context":"Post similar","img":{"alt_text":"","src":"https:\/\/i0.wp.com\/domingoseadvogados.com.br\/wp-content\/uploads\/2016\/03\/narciso-areas-atuacao-consumidor.png?resize=350%2C200&ssl=1","width":350,"height":200},"classes":[]}],"_links":{"self":[{"href":"https:\/\/domingoseadvogados.com.br\/index.php\/wp-json\/wp\/v2\/pages\/346"}],"collection":[{"href":"https:\/\/domingoseadvogados.com.br\/index.php\/wp-json\/wp\/v2\/pages"}],"about":[{"href":"https:\/\/domingoseadvogados.com.br\/index.php\/wp-json\/wp\/v2\/types\/page"}],"author":[{"embeddable":true,"href":"https:\/\/domingoseadvogados.com.br\/index.php\/wp-json\/wp\/v2\/users\/2"}],"replies":[{"embeddable":true,"href":"https:\/\/domingoseadvogados.com.br\/index.php\/wp-json\/wp\/v2\/comments?post=346"}],"version-history":[{"count":2,"href":"https:\/\/domingoseadvogados.com.br\/index.php\/wp-json\/wp\/v2\/pages\/346\/revisions"}],"predecessor-version":[{"id":470,"href":"https:\/\/domingoseadvogados.com.br\/index.php\/wp-json\/wp\/v2\/pages\/346\/revisions\/470"}],"wp:featuredmedia":[{"embeddable":true,"href":"https:\/\/domingoseadvogados.com.br\/index.php\/wp-json\/wp\/v2\/media\/442"}],"wp:attachment":[{"href":"https:\/\/domingoseadvogados.com.br\/index.php\/wp-json\/wp\/v2\/media?parent=346"}],"curies":[{"name":"wp","href":"https:\/\/api.w.org\/{rel}","templated":true}]}}